{"id":67,"date":"2018-09-26T23:21:03","date_gmt":"2018-09-26T23:21:03","guid":{"rendered":"http:\/\/despedidasvillarrobledo.com\/?page_id=67"},"modified":"2023-10-21T20:10:53","modified_gmt":"2023-10-21T20:10:53","slug":"chicos","status":"publish","type":"page","link":"https:\/\/despedidasvillarrobledo.com\/?page_id=67","title":{"rendered":"CHICOS"},"content":{"rendered":"<p>&nbsp;<\/p>\n<div style=\"width: 640px;\" class=\"wp-video\"><video class=\"wp-video-shortcode\" id=\"video-67-1\" width=\"640\" height=\"360\" preload=\"metadata\" controls=\"controls\"><source type=\"video\/mp4\" src=\"https:\/\/despedidasvillarrobledo.com\/wp-content\/uploads\/2018\/09\/p4_v1538243020.9084.mp4?_=1\" \/><a href=\"https:\/\/despedidasvillarrobledo.com\/wp-content\/uploads\/2018\/09\/p4_v1538243020.9084.mp4\">https:\/\/despedidasvillarrobledo.com\/wp-content\/uploads\/2018\/09\/p4_v1538243020.9084.mp4<\/a><\/video><\/div>\n<h4 style=\"text-align: center;\"><span style=\"color: #ffffff;\">PAINTBALL 25\u20acpersona<\/span><\/h4>\n<p><span style=\"color: #ffffff;\">La batalla comienza aqu\u00ed. 2 equipos cuerpo a cuerpo donde vuestra habilidad y destreza os har\u00e1 sentir los amos de la guerrilla. Espectacular campo de batalla con m\u00faltiples obst\u00e1culos y refugios. Equitaci\u00f3n completa con rifles de asalto y protecciones. 200 bolas<\/span><\/p>\n<p><span style=\"color: #ffffff;\"><a style=\"color: #ffffff;\" href=\"https:\/\/despedidasvillarrobledo.com\/wp-content\/uploads\/2018\/10\/26168504_1439908236106903_3752251315726046366_n-min.jpg\"><img loading=\"lazy\" decoding=\"async\" class=\" wp-image-229 aligncenter\" src=\"https:\/\/despedidasvillarrobledo.com\/wp-content\/uploads\/2018\/10\/26168504_1439908236106903_3752251315726046366_n-min-300x169.jpg\" alt=\"\" width=\"427\" height=\"240\" srcset=\"https:\/\/despedidasvillarrobledo.com\/wp-content\/uploads\/2018\/10\/26168504_1439908236106903_3752251315726046366_n-min-300x169.jpg 300w, https:\/\/despedidasvillarrobledo.com\/wp-content\/uploads\/2018\/10\/26168504_1439908236106903_3752251315726046366_n-min-768x432.jpg 768w, https:\/\/despedidasvillarrobledo.com\/wp-content\/uploads\/2018\/10\/26168504_1439908236106903_3752251315726046366_n-min.jpg 960w\" sizes=\"auto, (max-width: 427px) 100vw, 427px\" \/><\/a><\/span><\/p>\n<h2 style=\"text-align: center;\"><span style=\"color: #ffffff;\"><strong>CAPEAS<\/strong><\/span><\/h2>\n<div style=\"width: 1200px;\" class=\"wp-video\"><video class=\"wp-video-shortcode\" id=\"video-67-2\" width=\"1200\" height=\"675\" preload=\"metadata\" controls=\"controls\"><source type=\"video\/mp4\" src=\"https:\/\/despedidasvillarrobledo.com\/wp-content\/uploads\/2019\/02\/Video_20190202114210103_by_videomaker.mp4?_=2\" \/><a href=\"https:\/\/despedidasvillarrobledo.com\/wp-content\/uploads\/2019\/02\/Video_20190202114210103_by_videomaker.mp4\">https:\/\/despedidasvillarrobledo.com\/wp-content\/uploads\/2019\/02\/Video_20190202114210103_by_videomaker.mp4<\/a><\/video><\/div>\n<p><span style=\"color: #ffffff;\">Espectacular finca a 4 km de Villarrobledo con una autentica plaza de toros. Se puede hacer varias formulas de contrataci\u00f3n, contacta con nosotros e informate sin compromiso.<\/span><\/p>\n<p><span style=\"color: #ffffff;\">desde 25\u20ac persona<\/span><\/p>\n<h4 style=\"text-align: center;\"><span style=\"color: #ffffff;\">karting\u00a0<\/span><\/h4>\n<p><span style=\"color: #ffffff;\">una vez que entras en nuestras instalaciones el coraz\u00f3n empieza a subir de revoluciones&#8230;\u00a1Siente la magia de la competici\u00f3n, escucha el rugido de los motores, ya huele a gasolina y sobre todo saborea la victoria!<\/span><\/p>\n<p><span style=\"color: #ffffff;\"><a style=\"color: #ffffff;\" href=\"https:\/\/despedidasvillarrobledo.com\/wp-content\/uploads\/2019\/03\/IMG-20180326-WA0018.jpg\"><img loading=\"lazy\" decoding=\"async\" class=\" wp-image-276 aligncenter\" src=\"https:\/\/despedidasvillarrobledo.com\/wp-content\/uploads\/2019\/03\/IMG-20180326-WA0018-300x169.jpg\" alt=\"\" width=\"367\" height=\"207\" srcset=\"https:\/\/despedidasvillarrobledo.com\/wp-content\/uploads\/2019\/03\/IMG-20180326-WA0018-300x169.jpg 300w, https:\/\/despedidasvillarrobledo.com\/wp-content\/uploads\/2019\/03\/IMG-20180326-WA0018-768x432.jpg 768w, https:\/\/despedidasvillarrobledo.com\/wp-content\/uploads\/2019\/03\/IMG-20180326-WA0018-1024x576.jpg 1024w, https:\/\/despedidasvillarrobledo.com\/wp-content\/uploads\/2019\/03\/IMG-20180326-WA0018.jpg 1080w\" sizes=\"auto, (max-width: 367px) 100vw, 367px\" \/><\/a><\/span><\/p>\n<p>&nbsp;<\/p>\n<p><span style=\"color: #ffffff;\">PAGINA EN CONSTRUCCION<\/span><\/p>\n<p><span style=\"color: #ffffff;\">PUEDES VISITAR NUESTRA WEB ALTERNATIVA www.despedidasvillarrobledo.simplesite.com<\/span><\/p>\n<p><span style=\"color: #ffffff;\">O CONSULTE CON NUESTROS ASESORES EN EL TELEFONO Y WHATSAPP 638489136<\/span><\/p>\n<p><span style=\"color: #ffffff;\">DISCULPEN LAS MOLESTIAS<\/span><\/p>\n","protected":false},"excerpt":{"rendered":"<p>&nbsp; PAINTBALL 25\u20acpersona La batalla comienza aqu\u00ed. 2 equipos cuerpo a cuerpo donde vuestra habilidad y destreza os har\u00e1 sentir los amos de la guerrilla. Espectacular campo de batalla con m\u00faltiples obst\u00e1culos y refugios. Equitaci\u00f3n completa con rifles de asalto y protecciones. 200 bolas CAPEAS Espectacular finca a 4 km de Villarrobledo con una autentica [&hellip;]<\/p>\n","protected":false},"author":2,"featured_media":0,"parent":0,"menu_order":0,"comment_status":"closed","ping_status":"closed","template":"","meta":{"footnotes":""},"class_list":["post-67","page","type-page","status-publish","hentry","entry"],"_links":{"self":[{"href":"https:\/\/despedidasvillarrobledo.com\/index.php?rest_route=\/wp\/v2\/pages\/67","targetHints":{"allow":["GET"]}}],"collection":[{"href":"https:\/\/despedidasvillarrobledo.com\/index.php?rest_route=\/wp\/v2\/pages"}],"about":[{"href":"https:\/\/despedidasvillarrobledo.com\/index.php?rest_route=\/wp\/v2\/types\/page"}],"author":[{"embeddable":true,"href":"https:\/\/despedidasvillarrobledo.com\/index.php?rest_route=\/wp\/v2\/users\/2"}],"replies":[{"embeddable":true,"href":"https:\/\/despedidasvillarrobledo.com\/index.php?rest_route=%2Fwp%2Fv2%2Fcomments&post=67"}],"version-history":[{"count":15,"href":"https:\/\/despedidasvillarrobledo.com\/index.php?rest_route=\/wp\/v2\/pages\/67\/revisions"}],"predecessor-version":[{"id":423,"href":"https:\/\/despedidasvillarrobledo.com\/index.php?rest_route=\/wp\/v2\/pages\/67\/revisions\/423"}],"wp:attachment":[{"href":"https:\/\/despedidasvillarrobledo.com\/index.php?rest_route=%2Fwp%2Fv2%2Fmedia&parent=67"}],"curies":[{"name":"wp","href":"https:\/\/api.w.org\/{rel}","templated":true}]}}