{"id":63,"date":"2018-09-26T23:14:48","date_gmt":"2018-09-26T23:14:48","guid":{"rendered":"http:\/\/despedidasvillarrobledo.com\/?page_id=63"},"modified":"2023-10-21T20:10:26","modified_gmt":"2023-10-21T20:10:26","slug":"chicas","status":"publish","type":"page","link":"https:\/\/despedidasvillarrobledo.com\/?page_id=63","title":{"rendered":"CHICAS"},"content":{"rendered":"<p>&nbsp;<\/p>\n<div style=\"width: 640px;\" class=\"wp-video\"><video class=\"wp-video-shortcode\" id=\"video-63-1\" width=\"640\" height=\"360\" preload=\"metadata\" controls=\"controls\"><source type=\"video\/mp4\" src=\"https:\/\/despedidasvillarrobledo.com\/wp-content\/uploads\/2018\/09\/4_v1538242278.02611.mp4?_=1\" \/><a href=\"https:\/\/despedidasvillarrobledo.com\/wp-content\/uploads\/2018\/09\/4_v1538242278.02611.mp4\">https:\/\/despedidasvillarrobledo.com\/wp-content\/uploads\/2018\/09\/4_v1538242278.02611.mp4<\/a><\/video><\/div>\n<p><span style=\"color: #ffffff;\">Precios por pack independientes, si eliges 2 o mas pack te puedes ahorrar hasta un 20% dto. por persona.<\/span><\/p>\n<div style=\"width: 1200px;\" class=\"wp-video\"><video class=\"wp-video-shortcode\" id=\"video-63-2\" width=\"1200\" height=\"675\" preload=\"metadata\" controls=\"controls\"><source type=\"video\/mp4\" src=\"https:\/\/despedidasvillarrobledo.com\/wp-content\/uploads\/2018\/09\/SPOT-DESPEDIDAS.mp4?_=2\" \/><a href=\"https:\/\/despedidasvillarrobledo.com\/wp-content\/uploads\/2018\/09\/SPOT-DESPEDIDAS.mp4\">https:\/\/despedidasvillarrobledo.com\/wp-content\/uploads\/2018\/09\/SPOT-DESPEDIDAS.mp4<\/a><\/video><\/div>\n<h5 style=\"text-align: center;\"><span style=\"color: #ffffff;\">\u00a1QUIERES QUE TU DESPEDIDA DE SOLTERA SEA UN ESPECTACULO TOTAL!<\/span><\/h5>\n<h4><span style=\"color: #ffffff;\">GYMKANAS CERVECERAS<\/span><\/h4>\n<p>&nbsp;<\/p>\n<p><span style=\"color: #ffffff;\">DESDE 22\u20ac PERSONA,\u00a0 2 equipos 1 solo ganador&#8230; nuestros monitores os envolver\u00e1n en un roll donde tendr\u00e9is que superar pruebas de lo mas excitantes, divertidas y locas para conseguir vuestra recompensa en los bares de la localidad, incluye 6 cervezas \u00f3 vinos con tapas para que recuper\u00e9is las fuerzas.<\/span><\/p>\n<div style=\"width: 640px;\" class=\"wp-video\"><video class=\"wp-video-shortcode\" id=\"video-63-3\" width=\"640\" height=\"352\" preload=\"metadata\" controls=\"controls\"><source type=\"video\/mp4\" src=\"https:\/\/despedidasvillarrobledo.com\/wp-content\/uploads\/2018\/09\/Video_20180927185139321_by_videomaker.mp4?_=3\" \/><a href=\"https:\/\/despedidasvillarrobledo.com\/wp-content\/uploads\/2018\/09\/Video_20180927185139321_by_videomaker.mp4\">https:\/\/despedidasvillarrobledo.com\/wp-content\/uploads\/2018\/09\/Video_20180927185139321_by_videomaker.mp4<\/a><\/video><\/div>\n<h4><span style=\"color: #ffffff;\"><em>PACK BICIFIESTA VILLARROBLEDO<\/em><\/span><\/h4>\n<p><span style=\"color: #ffffff;\">Desde 25\u20ac persona, con cerveza, sangr\u00eda y licor a elegir entre jag\u00fcer o tequila.\u00a0<\/span><\/p>\n<p><span style=\"color: #ffffff;\">2 horas de recorrido por la localidad con m\u00fasica, micr\u00f3fono para que cant\u00e9is, pedaleo asistido para que no os cueste dar a los pedales, trono para ella que se nos casa!, adem\u00e1s chofer guaperas y la mejor animaci\u00f3n con nuestro gu\u00eda speaker camarero, adem\u00e1s un spot de regalo con fotos de las amigas y la novia para ponerlo en las pantallas led durante el recorrido.\u00a0<\/span><\/p>\n<h4><span style=\"color: #ffffff;\"><a style=\"color: #ffffff;\" href=\"https:\/\/despedidasvillarrobledo.com\/wp-content\/uploads\/2018\/09\/bicifiesta-min.jpg\"><img loading=\"lazy\" decoding=\"async\" class=\"size-medium wp-image-131 aligncenter\" src=\"https:\/\/despedidasvillarrobledo.com\/wp-content\/uploads\/2018\/09\/bicifiesta-min-300x225.jpg\" alt=\"\" width=\"300\" height=\"225\" srcset=\"https:\/\/despedidasvillarrobledo.com\/wp-content\/uploads\/2018\/09\/bicifiesta-min-300x225.jpg 300w, https:\/\/despedidasvillarrobledo.com\/wp-content\/uploads\/2018\/09\/bicifiesta-min-768x576.jpg 768w, https:\/\/despedidasvillarrobledo.com\/wp-content\/uploads\/2018\/09\/bicifiesta-min-1024x768.jpg 1024w\" sizes=\"auto, (max-width: 300px) 100vw, 300px\" \/>PACK CENA ESPECTACULO\u00a0<\/a><\/span><\/h4>\n<p><span style=\"color: #ffffff;\">GRAN CENA ESPECTACULO. SALA THEATRE CLUB VILLARROBLEDO. NOS PREPARA UN SHOW DE LO MAS DIVERTIDO PARA QUE DISFRUTES DE UNA CENA DE LO MAS AUTENTICA.<\/span><br \/>\n<span style=\"color: #ffffff;\">CON PERSONAJES COMO TORRENTE, PABLO EMILIO ESCOBAR, RAMBO&#8230; ANIMADORES, SPRIPTEASE&#8230;<\/span><br \/>\n<span style=\"color: #ffffff;\">TODO ELLO CON UN MENU DE LO MAS BUENO Y CON BARRA LIBRE DE CERVEZA Y SANGRIA DURANTE LA CENA.<\/span><br \/>\n<span style=\"color: #ffffff;\">MENU:\u00a0 35 \u20ac PERSONA,<\/span><br \/>\n<span style=\"color: #ffffff;\">NOTA: HAY PAQUETES ESPECIALES INCLUIDA CENA ESPECTACULO. INFORMATE SIN COMPROMISO CON NUESTROS ASESORES 638489136<\/span><\/p>\n<p><span style=\"color: #ffffff;\"><a style=\"color: #ffffff;\" href=\"https:\/\/despedidasvillarrobledo.com\/wp-content\/uploads\/2018\/09\/fiesta_1247_980x560.jpg\"><img loading=\"lazy\" decoding=\"async\" class=\"wp-image-174 size-medium aligncenter\" src=\"https:\/\/despedidasvillarrobledo.com\/wp-content\/uploads\/2018\/09\/fiesta_1247_980x560-e1538263002269-300x171.jpg\" alt=\"\" width=\"300\" height=\"171\" srcset=\"https:\/\/despedidasvillarrobledo.com\/wp-content\/uploads\/2018\/09\/fiesta_1247_980x560-e1538263002269-300x171.jpg 300w, https:\/\/despedidasvillarrobledo.com\/wp-content\/uploads\/2018\/09\/fiesta_1247_980x560-e1538263002269-768x439.jpg 768w, https:\/\/despedidasvillarrobledo.com\/wp-content\/uploads\/2018\/09\/fiesta_1247_980x560-e1538263002269.jpg 980w\" sizes=\"auto, (max-width: 300px) 100vw, 300px\" \/><\/a><\/span><\/p>\n<h3><span style=\"color: #ffffff;\"><a style=\"color: #ffffff;\" href=\"https:\/\/despedidasvillarrobledo.com\/wp-content\/uploads\/2018\/09\/menu-min.png\"><img loading=\"lazy\" decoding=\"async\" class=\" wp-image-204 aligncenter\" src=\"https:\/\/despedidasvillarrobledo.com\/wp-content\/uploads\/2018\/09\/menu-min-300x179.png\" alt=\"\" width=\"442\" height=\"264\" srcset=\"https:\/\/despedidasvillarrobledo.com\/wp-content\/uploads\/2018\/09\/menu-min-300x179.png 300w, https:\/\/despedidasvillarrobledo.com\/wp-content\/uploads\/2018\/09\/menu-min-768x458.png 768w, https:\/\/despedidasvillarrobledo.com\/wp-content\/uploads\/2018\/09\/menu-min.png 960w\" sizes=\"auto, (max-width: 442px) 100vw, 442px\" \/><\/a><\/span><\/h3>\n<h3><\/h3>\n<h3><span style=\"color: #ffffff;\">CATA DE VINOS<\/span><\/h3>\n<p><span style=\"color: #ffffff;\"><em>NUESTRO GUIA ESPECIALISTA EN BEBERSE LOS VINOS, OS RECOMENDARA CUAL ESTA BUENO Y CUAL ESTA MEJOR, DICE QUE LOS PRUEBA EL PRIMERO&#8230;<br \/>\nCATA DE VINOS EN BODEGAS EL CASTILLO<br \/>\nRECORRIDO POR UNA BODEGA EN LA CIDUDAD DEL VINO, DONDE DISFRUTAREMOS DE UNOS AROMAS Y CALDOS CON DENOMINACION DE ORIGEN. ACOMPA\u00d1AREMOS CON UN APERITIVO.<\/em><\/span><\/p>\n<p><span style=\"color: #ffffff;\"><a style=\"color: #ffffff;\" href=\"https:\/\/despedidasvillarrobledo.com\/wp-content\/uploads\/2018\/09\/488117_451407621597945_1041194031_n.jpg\"><img loading=\"lazy\" decoding=\"async\" class=\" wp-image-199 aligncenter\" src=\"https:\/\/despedidasvillarrobledo.com\/wp-content\/uploads\/2018\/09\/488117_451407621597945_1041194031_n-300x75.jpg\" alt=\"\" width=\"424\" height=\"106\" srcset=\"https:\/\/despedidasvillarrobledo.com\/wp-content\/uploads\/2018\/09\/488117_451407621597945_1041194031_n-300x75.jpg 300w, https:\/\/despedidasvillarrobledo.com\/wp-content\/uploads\/2018\/09\/488117_451407621597945_1041194031_n-768x191.jpg 768w, https:\/\/despedidasvillarrobledo.com\/wp-content\/uploads\/2018\/09\/488117_451407621597945_1041194031_n.jpg 800w\" sizes=\"auto, (max-width: 424px) 100vw, 424px\" \/><\/a><\/span><\/p>\n<h3><span style=\"color: #ffffff;\">PACK TARDEO<\/span><\/h3>\n<p><span style=\"color: #ffffff;\">Si lo que quieres es disfrutar de una gran tarde con las amigas este pack es perfecto porque primero comer\u00e9is en un restaurante con men\u00fa, barra libre de cerveza o sangr\u00eda y 3 copas en los mejores locales de la zona.\u00a0<\/span><\/p>\n<p><span style=\"color: #ffffff;\">35\u20ac persona<\/span><\/p>\n<div style=\"width: 1200px;\" class=\"wp-video\"><video class=\"wp-video-shortcode\" id=\"video-63-4\" width=\"1200\" height=\"675\" preload=\"metadata\" controls=\"controls\"><source type=\"video\/mp4\" src=\"https:\/\/despedidasvillarrobledo.com\/wp-content\/uploads\/2018\/09\/20180210_195435.mp4?_=4\" \/><a href=\"https:\/\/despedidasvillarrobledo.com\/wp-content\/uploads\/2018\/09\/20180210_195435.mp4\">https:\/\/despedidasvillarrobledo.com\/wp-content\/uploads\/2018\/09\/20180210_195435.mp4<\/a><\/video><\/div>\n<h4><span style=\"color: #ffffff;\">TOP MODEL<\/span><\/h4>\n<p><span style=\"color: #ffffff;\"><em>Reportaje fotogr\u00e1fico, nuestro fot\u00f3grafo paparazzi os acompa\u00f1ara durante la sesi\u00f3n para que teng\u00e1is un gran recuerdo de la despedida. precio por persona 10\u20ac<\/em><\/span><\/p>\n<p>&nbsp;<\/p>\n<p><span style=\"color: #ffffff;\"><a style=\"color: #ffffff;\" href=\"https:\/\/despedidasvillarrobledo.com\/wp-content\/uploads\/2018\/09\/Screenshot_20180930-125752.jpg\"><img loading=\"lazy\" decoding=\"async\" class=\"size-medium wp-image-206 aligncenter\" src=\"https:\/\/despedidasvillarrobledo.com\/wp-content\/uploads\/2018\/09\/Screenshot_20180930-125752-300x200.jpg\" alt=\"\" width=\"300\" height=\"200\" srcset=\"https:\/\/despedidasvillarrobledo.com\/wp-content\/uploads\/2018\/09\/Screenshot_20180930-125752-300x200.jpg 300w, https:\/\/despedidasvillarrobledo.com\/wp-content\/uploads\/2018\/09\/Screenshot_20180930-125752-768x511.jpg 768w, https:\/\/despedidasvillarrobledo.com\/wp-content\/uploads\/2018\/09\/Screenshot_20180930-125752-1024x681.jpg 1024w, https:\/\/despedidasvillarrobledo.com\/wp-content\/uploads\/2018\/09\/Screenshot_20180930-125752.jpg 1072w\" sizes=\"auto, (max-width: 300px) 100vw, 300px\" \/><\/a><\/span><\/p>\n<h4><span style=\"color: #ffffff;\">TU LIMUSINA<\/span><\/h4>\n<p><span style=\"color: #ffffff;\">Hay cosas en la vida que solo se disfrutan una vez, la oportunidad de disfrutar un gran d\u00eda con mucho glamour y por supuesto ser el centro de atenci\u00f3n&#8230; nuestros paquetes b\u00e1sicos incluyen 1,5 horas de servicio completo, con m\u00fasica, cava, bombones, botellines de agua y chofer guaperas, recogida de la novia en su casa, recorrido por la zona. m\u00e1ximo 11 personas. consulta nuestro pack especial limusina + cena espect\u00e1culo con show, men\u00fa\u00a0 y bebida en Theatre club.\u00a0<\/span><\/p>\n<p><span style=\"color: #ffffff;\">pack b\u00e1sico desde 18\u20ac persona. zona Villarrobledo.\u00a0 otras localidades consultar tel\u00e9fono y WhatsApp 638489136<\/span><\/p>\n<h4 style=\"text-align: center;\"><\/h4>\n<div style=\"width: 1200px;\" class=\"wp-video\"><video class=\"wp-video-shortcode\" id=\"video-63-5\" width=\"1200\" height=\"675\" preload=\"metadata\" controls=\"controls\"><source type=\"video\/mp4\" src=\"https:\/\/despedidasvillarrobledo.com\/wp-content\/uploads\/2019\/04\/VIDEO_20190406_123952.mp4?_=5\" \/><a href=\"https:\/\/despedidasvillarrobledo.com\/wp-content\/uploads\/2019\/04\/VIDEO_20190406_123952.mp4\">https:\/\/despedidasvillarrobledo.com\/wp-content\/uploads\/2019\/04\/VIDEO_20190406_123952.mp4<\/a><\/video><\/div>\n<h4 style=\"text-align: center;\"><span style=\"color: #ffffff;\"><a style=\"color: #ffffff;\" href=\"https:\/\/despedidasvillarrobledo.com\/wp-content\/uploads\/2018\/10\/Depositphotos_58062493_original-min.jpg\"><br \/>\n<img loading=\"lazy\" decoding=\"async\" class=\"size-medium wp-image-217 aligncenter\" src=\"https:\/\/despedidasvillarrobledo.com\/wp-content\/uploads\/2018\/10\/Depositphotos_58062493_original-min-300x200.jpg\" alt=\"\" width=\"300\" height=\"200\" srcset=\"https:\/\/despedidasvillarrobledo.com\/wp-content\/uploads\/2018\/10\/Depositphotos_58062493_original-min-300x200.jpg 300w, https:\/\/despedidasvillarrobledo.com\/wp-content\/uploads\/2018\/10\/Depositphotos_58062493_original-min-768x513.jpg 768w, https:\/\/despedidasvillarrobledo.com\/wp-content\/uploads\/2018\/10\/Depositphotos_58062493_original-min-1024x684.jpg 1024w, https:\/\/despedidasvillarrobledo.com\/wp-content\/uploads\/2018\/10\/Depositphotos_58062493_original-min.jpg 1920w\" sizes=\"auto, (max-width: 300px) 100vw, 300px\" \/><\/a><\/span><\/h4>\n<h4 style=\"text-align: center;\"><span style=\"color: #ffffff;\"><a style=\"color: #ffffff;\" href=\"https:\/\/despedidasvillarrobledo.com\/wp-content\/uploads\/2018\/10\/Depositphotos_58062493_original-min.jpg\">REUNION TUPPER SEX<\/a><\/span><\/h4>\n<p><span style=\"color: #ffffff;\">\u00a1Chicas llego la hora de jugar! nuestra intr\u00e9pida amiga tendr\u00e1 el gusto de abrir la maleta en vuestra casa y os pondr\u00e1 las pilas&#8230; en los juguetes para que las risas y el buen rato que est\u00e9is reunidas no os acord\u00e9is de ning\u00fan hombre. nos desplazamos a tu localidad, regalo para la anfitriona. disponibilidad de sala de reuni\u00f3n en Villarrobledo. sin compromiso de compra.\u00a0<\/span><\/p>\n<p style=\"text-align: left;\"><span style=\"color: #ffffff;\"><a style=\"color: #ffffff;\" href=\"https:\/\/despedidasvillarrobledo.com\/wp-content\/uploads\/2019\/04\/Diapositiva1.jpg\"><br \/>\n<img loading=\"lazy\" decoding=\"async\" class=\"size-medium wp-image-293 aligncenter\" src=\"https:\/\/despedidasvillarrobledo.com\/wp-content\/uploads\/2019\/04\/Diapositiva1-300x225.jpg\" alt=\"\" width=\"300\" height=\"225\" srcset=\"https:\/\/despedidasvillarrobledo.com\/wp-content\/uploads\/2019\/04\/Diapositiva1-300x225.jpg 300w, https:\/\/despedidasvillarrobledo.com\/wp-content\/uploads\/2019\/04\/Diapositiva1-768x576.jpg 768w, https:\/\/despedidasvillarrobledo.com\/wp-content\/uploads\/2019\/04\/Diapositiva1.jpg 960w\" sizes=\"auto, (max-width: 300px) 100vw, 300px\" \/><\/a><\/span><\/p>\n","protected":false},"excerpt":{"rendered":"<p>&nbsp; Precios por pack independientes, si eliges 2 o mas pack te puedes ahorrar hasta un 20% dto. por persona. \u00a1QUIERES QUE TU DESPEDIDA DE SOLTERA SEA UN ESPECTACULO TOTAL! GYMKANAS CERVECERAS &nbsp; DESDE 22\u20ac PERSONA,\u00a0 2 equipos 1 solo ganador&#8230; nuestros monitores os envolver\u00e1n en un roll donde tendr\u00e9is que superar pruebas de lo [&hellip;]<\/p>\n","protected":false},"author":2,"featured_media":0,"parent":0,"menu_order":0,"comment_status":"closed","ping_status":"closed","template":"","meta":{"footnotes":""},"class_list":["post-63","page","type-page","status-publish","hentry","entry"],"_links":{"self":[{"href":"https:\/\/despedidasvillarrobledo.com\/index.php?rest_route=\/wp\/v2\/pages\/63","targetHints":{"allow":["GET"]}}],"collection":[{"href":"https:\/\/despedidasvillarrobledo.com\/index.php?rest_route=\/wp\/v2\/pages"}],"about":[{"href":"https:\/\/despedidasvillarrobledo.com\/index.php?rest_route=\/wp\/v2\/types\/page"}],"author":[{"embeddable":true,"href":"https:\/\/despedidasvillarrobledo.com\/index.php?rest_route=\/wp\/v2\/users\/2"}],"replies":[{"embeddable":true,"href":"https:\/\/despedidasvillarrobledo.com\/index.php?rest_route=%2Fwp%2Fv2%2Fcomments&post=63"}],"version-history":[{"count":25,"href":"https:\/\/despedidasvillarrobledo.com\/index.php?rest_route=\/wp\/v2\/pages\/63\/revisions"}],"predecessor-version":[{"id":422,"href":"https:\/\/despedidasvillarrobledo.com\/index.php?rest_route=\/wp\/v2\/pages\/63\/revisions\/422"}],"wp:attachment":[{"href":"https:\/\/despedidasvillarrobledo.com\/index.php?rest_route=%2Fwp%2Fv2%2Fmedia&parent=63"}],"curies":[{"name":"wp","href":"https:\/\/api.w.org\/{rel}","templated":true}]}}