{"id":28,"date":"2018-09-26T22:37:56","date_gmt":"2018-09-26T22:37:56","guid":{"rendered":"http:\/\/despedidasvillarrobledo.com\/?page_id=28"},"modified":"2023-10-20T10:45:12","modified_gmt":"2023-10-20T10:45:12","slug":"contacto","status":"publish","type":"page","link":"https:\/\/despedidasvillarrobledo.com\/?page_id=28","title":{"rendered":"CONTACTO"},"content":{"rendered":"<p style=\"text-align: center;\"><span style=\"color: #ffffff;\">Para m\u00e1s informaci\u00f3n no dudes en contactarnos.<\/span><\/p>\n<p style=\"text-align: center;\"><span style=\"color: #ffffff;\">Persona de Contacto: \u00c1ngel Ortega<\/span><\/p>\n<p style=\"text-align: center;\"><span style=\"color: #ffffff;\">Tel\u00e9fono y Whatsapp: <a style=\"color: #ffffff;\" href=\"tel:+34638489136\">638489136<\/a><\/span><\/p>\n<p style=\"text-align: center;\"><span style=\"color: #ffffff;\">Correo Electr\u00f3nico:&nbsp;<a style=\"color: #ffffff;\" href=\"mailto:evencovi@yahoo.es\">evencovi@yahoo.es<\/a><a style=\"color: #ffffff;\" href=\"evencovi@yahoo.es\"><br \/>\n<\/a><\/span><\/p>\n<p style=\"text-align: center;\"><span style=\"color: #ffffff;\">Muchas Gracias<\/span><\/p>\n","protected":false},"excerpt":{"rendered":"<p>Para m\u00e1s informaci\u00f3n no dudes en contactarnos. Persona de Contacto: \u00c1ngel Ortega Tel\u00e9fono y Whatsapp: 638489136 Correo Electr\u00f3nico:&nbsp;evencovi@yahoo.es Muchas Gracias<\/p>\n","protected":false},"author":1,"featured_media":0,"parent":0,"menu_order":0,"comment_status":"closed","ping_status":"closed","template":"","meta":{"footnotes":""},"class_list":["post-28","page","type-page","status-publish","hentry","entry"],"_links":{"self":[{"href":"https:\/\/despedidasvillarrobledo.com\/index.php?rest_route=\/wp\/v2\/pages\/28","targetHints":{"allow":["GET"]}}],"collection":[{"href":"https:\/\/despedidasvillarrobledo.com\/index.php?rest_route=\/wp\/v2\/pages"}],"about":[{"href":"https:\/\/despedidasvillarrobledo.com\/index.php?rest_route=\/wp\/v2\/types\/page"}],"author":[{"embeddable":true,"href":"https:\/\/despedidasvillarrobledo.com\/index.php?rest_route=\/wp\/v2\/users\/1"}],"replies":[{"embeddable":true,"href":"https:\/\/despedidasvillarrobledo.com\/index.php?rest_route=%2Fwp%2Fv2%2Fcomments&post=28"}],"version-history":[{"count":13,"href":"https:\/\/despedidasvillarrobledo.com\/index.php?rest_route=\/wp\/v2\/pages\/28\/revisions"}],"predecessor-version":[{"id":418,"href":"https:\/\/despedidasvillarrobledo.com\/index.php?rest_route=\/wp\/v2\/pages\/28\/revisions\/418"}],"wp:attachment":[{"href":"https:\/\/despedidasvillarrobledo.com\/index.php?rest_route=%2Fwp%2Fv2%2Fmedia&parent=28"}],"curies":[{"name":"wp","href":"https:\/\/api.w.org\/{rel}","templated":true}]}}