{"id":19,"date":"2018-09-26T22:33:30","date_gmt":"2018-09-26T22:33:30","guid":{"rendered":"http:\/\/despedidasvillarrobledo.com\/?page_id=19"},"modified":"2023-10-21T20:13:12","modified_gmt":"2023-10-21T20:13:12","slug":"via-rock","status":"publish","type":"page","link":"https:\/\/despedidasvillarrobledo.com\/?page_id=19","title":{"rendered":"VI\u00d1AROCK"},"content":{"rendered":"<p><span style=\"color: #ffffff;\">El mejor festival arte-nativo, recientemente declarado de interes turistico regional. Mas de 200000 personas nos visitan cada a\u00f1o para disfrutar de un festival unico!<\/span><\/p>\n<p><span style=\"color: #ffffff;\">En despedidas Villarrobledo como cada a\u00f1o os preparamos las actividades mas chulas y super compatibles con el festival ya q si vienes de despedida o sois un grupo que quereis disfrutar de unos dias brutales tendreis lo que quereis!<\/span><\/p>\n<p><span style=\"color: #ffffff;\">nuestra BICIFIESTA estar\u00e1 todos los d\u00edas del Vi\u00f1a-Rock en la avenida li\u00e1ndola como siempre<\/span><\/p>\n<div style=\"width: 640px;\" class=\"wp-video\"><video class=\"wp-video-shortcode\" id=\"video-19-1\" width=\"640\" height=\"640\" preload=\"metadata\" controls=\"controls\"><source type=\"video\/mp4\" src=\"https:\/\/despedidasvillarrobledo.com\/wp-content\/uploads\/2019\/03\/VID_38440123_135126_008.mp4?_=1\" \/><a href=\"https:\/\/despedidasvillarrobledo.com\/wp-content\/uploads\/2019\/03\/VID_38440123_135126_008.mp4\">https:\/\/despedidasvillarrobledo.com\/wp-content\/uploads\/2019\/03\/VID_38440123_135126_008.mp4<\/a><\/video><\/div>\n<p><span style=\"color: #ffffff;\">SABADO 4 MAYO\u00a0<\/span><\/p>\n<p><span style=\"color: #ffffff;\">COMIDA SHOW ESPECTACULO ESPECIAL DESPEDIDAS DE SOLTER@ VI\u00d1A-ROCK<\/span><\/p>\n<p><span style=\"color: #ffffff;\">INCLUYE:<\/span><\/p>\n<p><span style=\"color: #ffffff;\">TRANSPORTE DEL VI\u00d1A A RESTAURANTE Y A VI\u00d1A ROCK DESPUES DE COMER<\/span><\/p>\n<p><span style=\"color: #ffffff;\">MENU 4 ENTRANTES + PLATO PRINCIPAL + BARRA LIBRE DE CERVEZA Y SANGRIA +<\/span><\/p>\n<p><span style=\"color: #ffffff;\">POSTRE<\/span><\/p>\n<p><span style=\"color: #ffffff;\">SHOW PRESENTADORA SARA THADELLI + SHOW EROTICO STREEPER MASCULINO Y FEMENINO<\/span><\/p>\n<p><span style=\"color: #ffffff;\">TODO POR 35\u20ac PERSONA<\/span><\/p>\n<p><span style=\"color: #ffffff;\"><a style=\"color: #ffffff;\" href=\"https:\/\/despedidasvillarrobledo.com\/wp-content\/uploads\/2019\/04\/Diapositiva1-2.jpg\"><img loading=\"lazy\" decoding=\"async\" class=\"size-medium wp-image-318 aligncenter\" src=\"https:\/\/despedidasvillarrobledo.com\/wp-content\/uploads\/2019\/04\/Diapositiva1-2-225x300.jpg\" alt=\"\" width=\"225\" height=\"300\" srcset=\"https:\/\/despedidasvillarrobledo.com\/wp-content\/uploads\/2019\/04\/Diapositiva1-2-225x300.jpg 225w, https:\/\/despedidasvillarrobledo.com\/wp-content\/uploads\/2019\/04\/Diapositiva1-2.jpg 720w\" sizes=\"auto, (max-width: 225px) 100vw, 225px\" \/><\/a><\/span><\/p>\n","protected":false},"excerpt":{"rendered":"<p>El mejor festival arte-nativo, recientemente declarado de interes turistico regional. Mas de 200000 personas nos visitan cada a\u00f1o para disfrutar de un festival unico! En despedidas Villarrobledo como cada a\u00f1o os preparamos las actividades mas chulas y super compatibles con el festival ya q si vienes de despedida o sois un grupo que quereis disfrutar [&hellip;]<\/p>\n","protected":false},"author":1,"featured_media":0,"parent":0,"menu_order":0,"comment_status":"closed","ping_status":"closed","template":"","meta":{"footnotes":""},"class_list":["post-19","page","type-page","status-publish","hentry","entry"],"_links":{"self":[{"href":"https:\/\/despedidasvillarrobledo.com\/index.php?rest_route=\/wp\/v2\/pages\/19","targetHints":{"allow":["GET"]}}],"collection":[{"href":"https:\/\/despedidasvillarrobledo.com\/index.php?rest_route=\/wp\/v2\/pages"}],"about":[{"href":"https:\/\/despedidasvillarrobledo.com\/index.php?rest_route=\/wp\/v2\/types\/page"}],"author":[{"embeddable":true,"href":"https:\/\/despedidasvillarrobledo.com\/index.php?rest_route=\/wp\/v2\/users\/1"}],"replies":[{"embeddable":true,"href":"https:\/\/despedidasvillarrobledo.com\/index.php?rest_route=%2Fwp%2Fv2%2Fcomments&post=19"}],"version-history":[{"count":6,"href":"https:\/\/despedidasvillarrobledo.com\/index.php?rest_route=\/wp\/v2\/pages\/19\/revisions"}],"predecessor-version":[{"id":426,"href":"https:\/\/despedidasvillarrobledo.com\/index.php?rest_route=\/wp\/v2\/pages\/19\/revisions\/426"}],"wp:attachment":[{"href":"https:\/\/despedidasvillarrobledo.com\/index.php?rest_route=%2Fwp%2Fv2%2Fmedia&parent=19"}],"curies":[{"name":"wp","href":"https:\/\/api.w.org\/{rel}","templated":true}]}}