{"id":134,"date":"2018-09-27T00:35:41","date_gmt":"2018-09-27T00:35:41","guid":{"rendered":"http:\/\/despedidasvillarrobledo.com\/?page_id=134"},"modified":"2025-09-29T22:01:36","modified_gmt":"2025-09-29T22:01:36","slug":"carnavales-de-villarrobledo","status":"publish","type":"page","link":"https:\/\/despedidasvillarrobledo.com\/?page_id=134","title":{"rendered":"CARNAVALES DE VILLARROBLEDO"},"content":{"rendered":"<h4><span style=\"color: #ff00ff;\"><a style=\"color: #ff00ff;\" href=\"https:\/\/despedidasvillarrobledo.com\/wp-content\/uploads\/2025\/09\/poster_2025-09-26-092027.png\"><img loading=\"lazy\" decoding=\"async\" class=\"alignnone wp-image-438 size-medium\" src=\"https:\/\/despedidasvillarrobledo.com\/wp-content\/uploads\/2025\/09\/poster_2025-09-26-092027-169x300.png\" alt=\"\" width=\"169\" height=\"300\" srcset=\"https:\/\/despedidasvillarrobledo.com\/wp-content\/uploads\/2025\/09\/poster_2025-09-26-092027-169x300.png 169w, https:\/\/despedidasvillarrobledo.com\/wp-content\/uploads\/2025\/09\/poster_2025-09-26-092027-577x1024.png 577w, https:\/\/despedidasvillarrobledo.com\/wp-content\/uploads\/2025\/09\/poster_2025-09-26-092027-768x1364.png 768w, https:\/\/despedidasvillarrobledo.com\/wp-content\/uploads\/2025\/09\/poster_2025-09-26-092027-865x1536.png 865w, https:\/\/despedidasvillarrobledo.com\/wp-content\/uploads\/2025\/09\/poster_2025-09-26-092027.png 1080w\" sizes=\"auto, (max-width: 169px) 100vw, 169px\" \/><\/a><\/span><\/h4>\n<h4><span style=\"color: #ff00ff;\">SIGUENOS EN INSTAGRAM @despedidas_villarrobledo \u00a0<\/span><\/h4>\n<h4><span style=\"color: #ff00ff;\">FACEBOOK \/ despedidasvillarrobledo<\/span><\/h4>\n<h4 style=\"text-align: center;\"><span style=\"color: #ff00ff;\">EL MEJOR CARNAVAL DE ESPA\u00d1A<\/span><\/h4>\n<p>\u00a1<span style=\"color: #ff00ff;\"><em><strong>EL CARNAVAL DE LAS DESPEDIDAS \u00a1 del 12 al 22 de febrero de 2026<\/strong><\/em><\/span><\/p>\n<p style=\"text-align: center;\"><span style=\"color: #ff00ff;\">\u00a0CELEBRA TU DESPEDIDA ENVUELTO EN UNA FIESTA UNICA, DIVERTIDA Y CON MUCHA FANTASIA<\/span><\/p>\n<p><span style=\"color: #ff00ff;\">Si todav\u00eda no conoces los carnavales de Villarrobledo solo te podemos decir que durante los 10 d\u00edas que duran, es una de las mejores fiestas declarados de inter\u00e9s tur\u00edstico nacional, por sus desfiles, por su magia, por la fiesta que hay d\u00eda y noche y por su puesto por la gente que nos visita a\u00f1o tras a\u00f1o sea de Villarrobledo o no con ganas de disfrutar y pasarlo en grande.<\/span><\/p>\n<h4 style=\"text-align: center;\"><span style=\"color: #ff00ff;\">PACK DE LUXE CARNAVAL<\/span><\/h4>\n<p><span style=\"color: #ff00ff;\"> <a style=\"color: #ff00ff;\" href=\"https:\/\/despedidasvillarrobledo.com\/wp-content\/uploads\/2025\/09\/poster_2025-09-29-115114.png\"><img loading=\"lazy\" decoding=\"async\" class=\"alignnone wp-image-441 size-medium\" src=\"https:\/\/despedidasvillarrobledo.com\/wp-content\/uploads\/2025\/09\/poster_2025-09-29-115114-225x300.png\" alt=\"\" width=\"225\" height=\"300\" srcset=\"https:\/\/despedidasvillarrobledo.com\/wp-content\/uploads\/2025\/09\/poster_2025-09-29-115114-225x300.png 225w, https:\/\/despedidasvillarrobledo.com\/wp-content\/uploads\/2025\/09\/poster_2025-09-29-115114-769x1024.png 769w, https:\/\/despedidasvillarrobledo.com\/wp-content\/uploads\/2025\/09\/poster_2025-09-29-115114-768x1023.png 768w, https:\/\/despedidasvillarrobledo.com\/wp-content\/uploads\/2025\/09\/poster_2025-09-29-115114-1153x1536.png 1153w, https:\/\/despedidasvillarrobledo.com\/wp-content\/uploads\/2025\/09\/poster_2025-09-29-115114.png 1500w\" sizes=\"auto, (max-width: 225px) 100vw, 225px\" \/><\/a><\/span><\/p>\n<p style=\"text-align: center;\"><span style=\"color: #ff00ff;\"><a style=\"color: #ff00ff;\" href=\"https:\/\/despedidasvillarrobledo.com\/wp-content\/uploads\/2019\/01\/Diapositiva1.jpg\">EL CARNAVAL DE LAS DESPEDIDAS<\/a><\/span><\/p>\n<p>&nbsp;<\/p>\n<h4 style=\"text-align: center;\"><span style=\"color: #ff00ff;\">PACK DELUXE FIN DE SEMANA<\/span><\/h4>\n<h3 style=\"text-align: center;\"><span style=\"color: #ff00ff;\">200\u20ac PERSONA<\/span><\/h3>\n<p><span style=\"color: #ff00ff;\">Este pack es un kit De Luxe de supervivencia al fin de semana que te espera! incluye:<\/span><\/p>\n<p><span style=\"color: #ff00ff;\">ALOJAMIENTO: 1 NOCHE \/ \u00a0 \u00a0 \u00a0\u00a0 SUPLEMENTO DE 1 NOCHE MAS 40\u20ac\u00a0<\/span><\/p>\n<p><span style=\"color: #ff00ff;\">casas rurales a 1 km y a 5 km de la localidad<\/span><\/p>\n<p><span style=\"color: #ff00ff;\">\u00f3 hotel, a convenir entre la red de hoteles de Villarrobledo<\/span><\/p>\n<p><span style=\"color: #ff00ff;\">ACTIVIDADES INCLUIDAS EN EL PACK DE LUXE CARNAVAL:<\/span><\/p>\n<p><span style=\"color: #ff00ff;\">gymkana cervecera \/ monitores, intr\u00e9pidas y divertidas pruebas por los bares y calles del carnaval donde la recompensa ser\u00e1 una buena cerveza \u00f3 vino con tapas en los bares de la zona. incluye 6 cervezas con tapas<\/span><\/p>\n<p><span style=\"color: #ff00ff;\">Bicifiesta \/ nuestro equipo de Bicifiesta nos pondr\u00e1 las pilas con la mejor fiesta a bordo de nuestro ciclo colectivo, incluye cerveza, sangr\u00eda durante el recorrido por la localidad. m\u00fasica, micr\u00f3fono, gu\u00eda speaker y conductor chofer<\/span><\/p>\n<p><span style=\"color: #ff00ff;\">Comida Carvalera \/ este a\u00f1o como novedad, en la carpa del carnaval comida con men\u00fa,\u00a0 charangas, actuacion orquesta en directo, cortadores de jam\u00f3n y cocinero en directo, incluye men\u00fa + barra libre de cerveza y vino xoxoloco y marques de pollastrol<\/span><\/p>\n<p><span style=\"color: #ff00ff;\">pack tardeo\/ comida con men\u00fa + tarde de fiesta en los locales mas punteros con mucha mucha fiesta, incluye 3 copas por persona.<\/span><\/p>\n<p><span style=\"color: #ff00ff;\"><a style=\"color: #ff00ff;\" href=\"https:\/\/despedidasvillarrobledo.com\/wp-content\/uploads\/2025\/09\/poster_2025-09-29-115954.png\"><img loading=\"lazy\" decoding=\"async\" class=\"alignnone wp-image-442 size-medium\" src=\"https:\/\/despedidasvillarrobledo.com\/wp-content\/uploads\/2025\/09\/poster_2025-09-29-115954-225x300.png\" alt=\"\" width=\"225\" height=\"300\" srcset=\"https:\/\/despedidasvillarrobledo.com\/wp-content\/uploads\/2025\/09\/poster_2025-09-29-115954-225x300.png 225w, https:\/\/despedidasvillarrobledo.com\/wp-content\/uploads\/2025\/09\/poster_2025-09-29-115954-769x1024.png 769w, https:\/\/despedidasvillarrobledo.com\/wp-content\/uploads\/2025\/09\/poster_2025-09-29-115954-768x1023.png 768w, https:\/\/despedidasvillarrobledo.com\/wp-content\/uploads\/2025\/09\/poster_2025-09-29-115954-1153x1536.png 1153w, https:\/\/despedidasvillarrobledo.com\/wp-content\/uploads\/2025\/09\/poster_2025-09-29-115954.png 1500w\" sizes=\"auto, (max-width: 225px) 100vw, 225px\" \/><\/a><\/span><\/p>\n<p><span style=\"color: #ff00ff;\">Cena Espect\u00e1culo show \/ vamos a coger fuerza antes de la noche que nos espera, cena con men\u00fa 4 entrantes + plato principal, + barra libre de cerveza y sangr\u00eda durante la cena, un espect\u00e1culo de nivel con presentadora, vocal live, actores y show er\u00f3tico chico y chica.\u00a0<\/span><\/p>\n<p><span style=\"color: #ff00ff;\">kit bebida carpa\/ kit de botella mas refrescos para que no te falte fiesta en la carpa del carnaval. 1 BOTELLA CON REFRESCOS Y HIELO X CADA 4 PERSONAS.<\/span><\/p>\n<p><span style=\"color: #ff00ff;\">Taxi \/ servicio de taxi para que entre actividades no os teng\u00e1is que preocupar del coche, incluye viaje de ida y vuelta a hotel o casa rural de madrugada.<\/span><\/p>\n<p><span style=\"color: #ff00ff;\">Pulsera descuento en copas\u00a0\/ nuestros monitores te llevaran a nuestros establecimientos colaboradores premium donde tendr\u00e1s descuentos en todas tus copas durante el fin de semana.<\/span><\/p>\n<p><span style=\"color: #ff00ff;\">PACK THE LUXE CARNAVAL : LAS ACTIVIDADES SE REALIZARAN CON MAS GRUPOS DE DESPEDIDAS, LOS SABADOS DEL CARNAVAL\u00a0<\/span><\/p>\n<p><span style=\"color: #ff00ff;\">TODAS LAS ACTIVIDADES SE REALIZARAN CON MONITORES DE APOYO.<\/span><\/p>\n<p><span style=\"color: #ff00ff;\">EL PACK THE LUXE ES EL COMPLEMENTO PERFECTO AL CARNAVAL DE VILLARROBLEDO, LAS ACTIVIDADES PROGRAMADAS SON COMPATIBLES CON LA PROGRAMACION DE FIESTAS DE LA LOCALIDAD.<\/span><\/p>\n<p>&nbsp;<\/p>\n<h3><span style=\"color: #ff00ff;\">BIENVEND@S AL CARNAVAL DE LAS DESPEDIDAS<\/span><\/h3>\n<p>&nbsp;<\/p>\n<p><span style=\"color: #ff00ff;\"><a style=\"color: #ff00ff;\" href=\"https:\/\/despedidasvillarrobledo.com\/wp-content\/uploads\/2018\/09\/fiesta_1247_980x560-e1538263002269.jpg\"><img loading=\"lazy\" decoding=\"async\" class=\"size-medium wp-image-174 aligncenter\" src=\"https:\/\/despedidasvillarrobledo.com\/wp-content\/uploads\/2018\/09\/fiesta_1247_980x560-e1538263002269-300x171.jpg\" alt=\"\" width=\"300\" height=\"171\" srcset=\"https:\/\/despedidasvillarrobledo.com\/wp-content\/uploads\/2018\/09\/fiesta_1247_980x560-e1538263002269-300x171.jpg 300w, https:\/\/despedidasvillarrobledo.com\/wp-content\/uploads\/2018\/09\/fiesta_1247_980x560-e1538263002269-768x439.jpg 768w, https:\/\/despedidasvillarrobledo.com\/wp-content\/uploads\/2018\/09\/fiesta_1247_980x560-e1538263002269.jpg 980w\" sizes=\"auto, (max-width: 300px) 100vw, 300px\" \/><\/a><\/span><\/p>\n<p>&nbsp;<\/p>\n","protected":false},"excerpt":{"rendered":"<p>SIGUENOS EN INSTAGRAM @despedidas_villarrobledo \u00a0 FACEBOOK \/ despedidasvillarrobledo EL MEJOR CARNAVAL DE ESPA\u00d1A \u00a1EL CARNAVAL DE LAS DESPEDIDAS \u00a1 del 12 al 22 de febrero de 2026 \u00a0CELEBRA TU DESPEDIDA ENVUELTO EN UNA FIESTA UNICA, DIVERTIDA Y CON MUCHA FANTASIA Si todav\u00eda no conoces los carnavales de Villarrobledo solo te podemos decir que durante los [&hellip;]<\/p>\n","protected":false},"author":2,"featured_media":0,"parent":0,"menu_order":0,"comment_status":"closed","ping_status":"closed","template":"","meta":{"footnotes":""},"class_list":["post-134","page","type-page","status-publish","hentry","entry"],"_links":{"self":[{"href":"https:\/\/despedidasvillarrobledo.com\/index.php?rest_route=\/wp\/v2\/pages\/134","targetHints":{"allow":["GET"]}}],"collection":[{"href":"https:\/\/despedidasvillarrobledo.com\/index.php?rest_route=\/wp\/v2\/pages"}],"about":[{"href":"https:\/\/despedidasvillarrobledo.com\/index.php?rest_route=\/wp\/v2\/types\/page"}],"author":[{"embeddable":true,"href":"https:\/\/despedidasvillarrobledo.com\/index.php?rest_route=\/wp\/v2\/users\/2"}],"replies":[{"embeddable":true,"href":"https:\/\/despedidasvillarrobledo.com\/index.php?rest_route=%2Fwp%2Fv2%2Fcomments&post=134"}],"version-history":[{"count":24,"href":"https:\/\/despedidasvillarrobledo.com\/index.php?rest_route=\/wp\/v2\/pages\/134\/revisions"}],"predecessor-version":[{"id":445,"href":"https:\/\/despedidasvillarrobledo.com\/index.php?rest_route=\/wp\/v2\/pages\/134\/revisions\/445"}],"wp:attachment":[{"href":"https:\/\/despedidasvillarrobledo.com\/index.php?rest_route=%2Fwp%2Fv2%2Fmedia&parent=134"}],"curies":[{"name":"wp","href":"https:\/\/api.w.org\/{rel}","templated":true}]}}